{"id":1380,"date":"2026-04-22T07:55:11","date_gmt":"2026-04-22T07:55:11","guid":{"rendered":"https:\/\/www.urban-kebab.fr\/?page_id=1380"},"modified":"2026-04-22T16:24:48","modified_gmt":"2026-04-22T16:24:48","slug":"enseignes","status":"publish","type":"page","link":"https:\/\/www.urban-kebab.fr\/","title":{"rendered":"Enseignes"},"content":{"rendered":"<section class=\"l-section wpb_row height_large\" id=\"projects\"><div class=\"l-section-h i-cf\"><div class=\"g-cols vc_row via_grid cols_1 laptops-cols_inherit tablets-cols_inherit mobiles-cols_1 valign_top type_default stacking_default\"><div class=\"wpb_column vc_column_container us_custom_60e9caca us_animate_this\"><div class=\"vc_column-inner\"><div class=\"wpb_text_column\"><div class=\"wpb_wrapper\"><h2 style=\"text-align: center;\">Choix du logo, de l&rsquo;enseigne<\/h2>\n<p style=\"text-align: center;\">Ici tout se joue.<br \/>\nTon avenir est entre tes mains !<br \/>\nC&rsquo;est maintenant qu&rsquo;il faut prendre la bonne d\u00e9cision.<br \/>\n<strong>Et souviens-toi, souvent, le plus simple est le plus efficace !<\/strong><\/p>\n<p>Voici plusieurs propositions qui sont volontairement dans des styles compl\u00e8tement diff\u00e9rents. L&rsquo;id\u00e9e est de s\u00e9lectionner les \u00e9l\u00e9ments que tu pr\u00e9f\u00e8res : Textes, broche (ou pas), couleurs et fond.<\/p>\n<p>C&rsquo;est que des maquettes, le final sera plus \u00e9labor\u00e9.<\/p>\n<\/div><\/div><\/div><\/div><\/div><\/div><\/section><section class=\"l-section wpb_row height_auto\"><div class=\"l-section-h i-cf\"><div class=\"g-cols vc_row via_grid cols_1 laptops-cols_inherit tablets-cols_inherit mobiles-cols_1 valign_top type_default stacking_default\"><div class=\"wpb_column vc_column_container us_custom_60e9caca us_animate_this\"><div class=\"vc_column-inner\"><div class=\"w-grid us_post_list type_grid layout_1061 cols_3 preload_style_spinner open_items_in_popup ratio_1x1\" id=\"us_post_list_h943\" style=\"--columns:3;--gap:1rem;--item-ratio:1;\"><style>@media (max-width:1024px){#us_post_list_h943{--columns:2!important}}@media (max-width:600px){#us_post_list_h943{--columns:1!important}}.layout_1061 .w-grid-item-h{background:var(--color-content-primary);color:#ffffff}.layout_1061 .usg_post_image_1{transition-duration:0.4s;transform-origin:50% 50%;transform:scale(1) translate(0%,0%)}.layout_1061 .w-grid-item-h:focus-within .usg_post_image_1,.layout_1061 .w-grid-item-h:hover .usg_post_image_1{transform:scale(4) translate(0%,0%);opacity:0}.layout_1061 .usg_vwrapper_1{transition-duration:0.5s;transform-origin:50% 50%;transform:scale(0) translate(0,0)}.layout_1061 .w-grid-item-h:focus-within .usg_vwrapper_1,.layout_1061 .w-grid-item-h:hover .usg_vwrapper_1{transform:scale(1) translate(0,0);opacity:1}.layout_1061 .usg_post_image_1{position:absolute!important;left:0!important;top:0!important;bottom:0!important;right:0!important}.layout_1061 .usg_vwrapper_1{position:absolute!important;top:0!important;right:0!important;bottom:0!important;left:0!important;padding:2rem!important}.layout_1061 .usg_post_title_1{color:inherit!important;font-size:1.6rem!important;font-family:var(--h1-font-family)!important}<\/style><div class=\"w-grid-list\">\t<article class=\"w-grid-item size_1x1 post-101 us_portfolio type-us_portfolio status-publish has-post-thumbnail hentry\" data-id=\"101\">\r\n\t\t<div class=\"w-grid-item-h\">\r\n\t\t\t\t\t\t\t<a href=\"https:\/\/www.urban-kebab.fr\/index.php\/portfolio\/v-01\/\" class=\"w-grid-item-anchor\" aria-label=\"V 01\"><\/a>\r\n\t\t\t\t\t\t<div class=\"w-post-elm post_image usg_post_image_1 stretched\"><img loading=\"lazy\" decoding=\"async\" width=\"300\" height=\"300\" src=\"https:\/\/www.urban-kebab.fr\/wp-content\/uploads\/2015\/04\/Urban_KEBAB_Carre_01-1-300x300.jpg\" class=\"attachment-medium size-medium wp-post-image\" alt=\"\" srcset=\"https:\/\/www.urban-kebab.fr\/wp-content\/uploads\/2015\/04\/Urban_KEBAB_Carre_01-1-300x300.jpg 300w, https:\/\/www.urban-kebab.fr\/wp-content\/uploads\/2015\/04\/Urban_KEBAB_Carre_01-1-1024x1024.jpg 1024w, https:\/\/www.urban-kebab.fr\/wp-content\/uploads\/2015\/04\/Urban_KEBAB_Carre_01-1-150x150.jpg 150w\" sizes=\"auto, (max-width: 300px) 100vw, 300px\" \/><\/div><div class=\"w-vwrapper usg_vwrapper_1 align_center valign_middle\"><h2 class=\"w-post-elm post_title usg_post_title_1 has_text_color entry-title color_link_inherit\">V 01<\/h2><\/div>\t\t<\/div>\r\n\t\t\t<\/article>\r\n\t<article class=\"w-grid-item size_1x1 post-435 us_portfolio type-us_portfolio status-publish has-post-thumbnail hentry\" data-id=\"435\">\r\n\t\t<div class=\"w-grid-item-h\">\r\n\t\t\t\t\t\t\t<a href=\"https:\/\/www.urban-kebab.fr\/index.php\/portfolio\/portfolio-item-two\/\" class=\"w-grid-item-anchor\" aria-label=\"V 02\"><\/a>\r\n\t\t\t\t\t\t<div class=\"w-post-elm post_image usg_post_image_1 stretched\"><img loading=\"lazy\" decoding=\"async\" width=\"300\" height=\"300\" src=\"https:\/\/www.urban-kebab.fr\/wp-content\/uploads\/2015\/04\/Urban_KEBAB_Carre_02-300x300.jpg\" class=\"attachment-medium size-medium wp-post-image\" alt=\"\" srcset=\"https:\/\/www.urban-kebab.fr\/wp-content\/uploads\/2015\/04\/Urban_KEBAB_Carre_02-300x300.jpg 300w, https:\/\/www.urban-kebab.fr\/wp-content\/uploads\/2015\/04\/Urban_KEBAB_Carre_02-1024x1024.jpg 1024w, https:\/\/www.urban-kebab.fr\/wp-content\/uploads\/2015\/04\/Urban_KEBAB_Carre_02-150x150.jpg 150w, https:\/\/www.urban-kebab.fr\/wp-content\/uploads\/2015\/04\/Urban_KEBAB_Carre_02.jpg 1254w\" sizes=\"auto, (max-width: 300px) 100vw, 300px\" \/><\/div><div class=\"w-vwrapper usg_vwrapper_1 align_center valign_middle\"><h2 class=\"w-post-elm post_title usg_post_title_1 has_text_color entry-title color_link_inherit\">V 02<\/h2><\/div>\t\t<\/div>\r\n\t\t\t<\/article>\r\n\t<article class=\"w-grid-item size_1x1 post-88 us_portfolio type-us_portfolio status-publish has-post-thumbnail hentry\" data-id=\"88\">\r\n\t\t<div class=\"w-grid-item-h\">\r\n\t\t\t\t\t\t\t<a href=\"https:\/\/www.urban-kebab.fr\/index.php\/portfolio\/portfolio-item-three\/\" class=\"w-grid-item-anchor\" aria-label=\"V 03\"><\/a>\r\n\t\t\t\t\t\t<div class=\"w-post-elm post_image usg_post_image_1 stretched\"><img loading=\"lazy\" decoding=\"async\" width=\"300\" height=\"300\" src=\"https:\/\/www.urban-kebab.fr\/wp-content\/uploads\/2015\/02\/Urban_KEBAB_Carre_03-300x300.jpg\" class=\"attachment-medium size-medium wp-post-image\" alt=\"\" srcset=\"https:\/\/www.urban-kebab.fr\/wp-content\/uploads\/2015\/02\/Urban_KEBAB_Carre_03-300x300.jpg 300w, https:\/\/www.urban-kebab.fr\/wp-content\/uploads\/2015\/02\/Urban_KEBAB_Carre_03-1024x1024.jpg 1024w, https:\/\/www.urban-kebab.fr\/wp-content\/uploads\/2015\/02\/Urban_KEBAB_Carre_03-150x150.jpg 150w\" sizes=\"auto, (max-width: 300px) 100vw, 300px\" \/><\/div><div class=\"w-vwrapper usg_vwrapper_1 align_center valign_middle\"><h2 class=\"w-post-elm post_title usg_post_title_1 has_text_color entry-title color_link_inherit\">V 03<\/h2><\/div>\t\t<\/div>\r\n\t\t\t<\/article>\r\n\t<article class=\"w-grid-item size_1x1 post-97 us_portfolio type-us_portfolio status-publish has-post-thumbnail hentry\" data-id=\"97\">\r\n\t\t<div class=\"w-grid-item-h\">\r\n\t\t\t\t\t\t\t<a href=\"https:\/\/www.urban-kebab.fr\/index.php\/portfolio\/portfolio-item-four\/\" class=\"w-grid-item-anchor\" aria-label=\"V 04\"><\/a>\r\n\t\t\t\t\t\t<div class=\"w-post-elm post_image usg_post_image_1 stretched\"><img loading=\"lazy\" decoding=\"async\" width=\"300\" height=\"300\" src=\"https:\/\/www.urban-kebab.fr\/wp-content\/uploads\/2015\/02\/Urban_KEBAB_Carre_04-1-300x300.jpg\" class=\"attachment-medium size-medium wp-post-image\" alt=\"\" srcset=\"https:\/\/www.urban-kebab.fr\/wp-content\/uploads\/2015\/02\/Urban_KEBAB_Carre_04-1-300x300.jpg 300w, https:\/\/www.urban-kebab.fr\/wp-content\/uploads\/2015\/02\/Urban_KEBAB_Carre_04-1-1024x1024.jpg 1024w, https:\/\/www.urban-kebab.fr\/wp-content\/uploads\/2015\/02\/Urban_KEBAB_Carre_04-1-150x150.jpg 150w\" sizes=\"auto, (max-width: 300px) 100vw, 300px\" \/><\/div><div class=\"w-vwrapper usg_vwrapper_1 align_center valign_middle\"><h2 class=\"w-post-elm post_title usg_post_title_1 has_text_color entry-title color_link_inherit\">V 04<\/h2><\/div>\t\t<\/div>\r\n\t\t\t<\/article>\r\n\t<article class=\"w-grid-item size_1x1 post-433 us_portfolio type-us_portfolio status-publish has-post-thumbnail hentry\" data-id=\"433\">\r\n\t\t<div class=\"w-grid-item-h\">\r\n\t\t\t\t\t\t\t<a href=\"https:\/\/www.urban-kebab.fr\/index.php\/portfolio\/portfolio-item-five\/\" class=\"w-grid-item-anchor\" aria-label=\"V 05\"><\/a>\r\n\t\t\t\t\t\t<div class=\"w-post-elm post_image usg_post_image_1 stretched\"><img loading=\"lazy\" decoding=\"async\" width=\"300\" height=\"300\" src=\"https:\/\/www.urban-kebab.fr\/wp-content\/uploads\/2010\/12\/Urban_KEBAB_Carre_05-300x300.jpg\" class=\"attachment-medium size-medium wp-post-image\" alt=\"\" srcset=\"https:\/\/www.urban-kebab.fr\/wp-content\/uploads\/2010\/12\/Urban_KEBAB_Carre_05-300x300.jpg 300w, https:\/\/www.urban-kebab.fr\/wp-content\/uploads\/2010\/12\/Urban_KEBAB_Carre_05-1024x1024.jpg 1024w, https:\/\/www.urban-kebab.fr\/wp-content\/uploads\/2010\/12\/Urban_KEBAB_Carre_05-150x150.jpg 150w\" sizes=\"auto, (max-width: 300px) 100vw, 300px\" \/><\/div><div class=\"w-vwrapper usg_vwrapper_1 align_center valign_middle\"><h2 class=\"w-post-elm post_title usg_post_title_1 has_text_color entry-title color_link_inherit\">V 05<\/h2><\/div>\t\t<\/div>\r\n\t\t\t<\/article>\r\n\t<article class=\"w-grid-item size_1x1 post-99 us_portfolio type-us_portfolio status-publish has-post-thumbnail hentry\" data-id=\"99\">\r\n\t\t<div class=\"w-grid-item-h\">\r\n\t\t\t\t\t\t\t<a href=\"https:\/\/www.urban-kebab.fr\/index.php\/portfolio\/portfolio-item-six\/\" class=\"w-grid-item-anchor\" aria-label=\"V 06\"><\/a>\r\n\t\t\t\t\t\t<div class=\"w-post-elm post_image usg_post_image_1 stretched\"><img loading=\"lazy\" decoding=\"async\" width=\"300\" height=\"300\" src=\"https:\/\/www.urban-kebab.fr\/wp-content\/uploads\/2010\/11\/Urban_KEBAB_Carre_06-300x300.jpg\" class=\"attachment-medium size-medium wp-post-image\" alt=\"\" srcset=\"https:\/\/www.urban-kebab.fr\/wp-content\/uploads\/2010\/11\/Urban_KEBAB_Carre_06-300x300.jpg 300w, https:\/\/www.urban-kebab.fr\/wp-content\/uploads\/2010\/11\/Urban_KEBAB_Carre_06-1024x1024.jpg 1024w, https:\/\/www.urban-kebab.fr\/wp-content\/uploads\/2010\/11\/Urban_KEBAB_Carre_06-150x150.jpg 150w\" sizes=\"auto, (max-width: 300px) 100vw, 300px\" \/><\/div><div class=\"w-vwrapper usg_vwrapper_1 align_center valign_middle\"><h2 class=\"w-post-elm post_title usg_post_title_1 has_text_color entry-title color_link_inherit\">V 06<\/h2><\/div>\t\t<\/div>\r\n\t\t\t<\/article>\r\n\t<article class=\"w-grid-item size_1x1 post-592 us_portfolio type-us_portfolio status-publish has-post-thumbnail hentry\" data-id=\"592\">\r\n\t\t<div class=\"w-grid-item-h\">\r\n\t\t\t\t\t\t\t<a href=\"https:\/\/www.urban-kebab.fr\/index.php\/portfolio\/portfolio-item-seven\/\" class=\"w-grid-item-anchor\" aria-label=\"V 07\"><\/a>\r\n\t\t\t\t\t\t<div class=\"w-post-elm post_image usg_post_image_1 stretched\"><img loading=\"lazy\" decoding=\"async\" width=\"300\" height=\"300\" src=\"https:\/\/www.urban-kebab.fr\/wp-content\/uploads\/2010\/08\/Urban_KEBAB_Carre_07-300x300.jpg\" class=\"attachment-medium size-medium wp-post-image\" alt=\"\" srcset=\"https:\/\/www.urban-kebab.fr\/wp-content\/uploads\/2010\/08\/Urban_KEBAB_Carre_07-300x300.jpg 300w, https:\/\/www.urban-kebab.fr\/wp-content\/uploads\/2010\/08\/Urban_KEBAB_Carre_07-150x150.jpg 150w, https:\/\/www.urban-kebab.fr\/wp-content\/uploads\/2010\/08\/Urban_KEBAB_Carre_07.jpg 1024w\" sizes=\"auto, (max-width: 300px) 100vw, 300px\" \/><\/div><div class=\"w-vwrapper usg_vwrapper_1 align_center valign_middle\"><h2 class=\"w-post-elm post_title usg_post_title_1 has_text_color entry-title color_link_inherit\">V 07<\/h2><\/div>\t\t<\/div>\r\n\t\t\t<\/article>\r\n\t<article class=\"w-grid-item size_1x1 post-594 us_portfolio type-us_portfolio status-publish has-post-thumbnail hentry\" data-id=\"594\">\r\n\t\t<div class=\"w-grid-item-h\">\r\n\t\t\t\t\t\t\t<a href=\"https:\/\/www.urban-kebab.fr\/index.php\/portfolio\/portfolio-item-eight\/\" class=\"w-grid-item-anchor\" aria-label=\"V 08\"><\/a>\r\n\t\t\t\t\t\t<div class=\"w-post-elm post_image usg_post_image_1 stretched\"><img loading=\"lazy\" decoding=\"async\" width=\"300\" height=\"300\" src=\"https:\/\/www.urban-kebab.fr\/wp-content\/uploads\/2010\/07\/Urban_KEBAB_Carre_08-300x300.jpg\" class=\"attachment-medium size-medium wp-post-image\" alt=\"\" srcset=\"https:\/\/www.urban-kebab.fr\/wp-content\/uploads\/2010\/07\/Urban_KEBAB_Carre_08-300x300.jpg 300w, https:\/\/www.urban-kebab.fr\/wp-content\/uploads\/2010\/07\/Urban_KEBAB_Carre_08-1024x1024.jpg 1024w, https:\/\/www.urban-kebab.fr\/wp-content\/uploads\/2010\/07\/Urban_KEBAB_Carre_08-150x150.jpg 150w\" sizes=\"auto, (max-width: 300px) 100vw, 300px\" \/><\/div><div class=\"w-vwrapper usg_vwrapper_1 align_center valign_middle\"><h2 class=\"w-post-elm post_title usg_post_title_1 has_text_color entry-title color_link_inherit\">V 08<\/h2><\/div>\t\t<\/div>\r\n\t\t\t<\/article>\r\n\t<article class=\"w-grid-item size_1x1 post-1432 us_portfolio type-us_portfolio status-publish has-post-thumbnail hentry\" data-id=\"1432\">\r\n\t\t<div class=\"w-grid-item-h\">\r\n\t\t\t\t\t\t\t<a href=\"https:\/\/www.urban-kebab.fr\/index.php\/portfolio\/v-09\/\" class=\"w-grid-item-anchor\" aria-label=\"V 09\"><\/a>\r\n\t\t\t\t\t\t<div class=\"w-post-elm post_image usg_post_image_1 stretched\"><img loading=\"lazy\" decoding=\"async\" width=\"300\" height=\"300\" src=\"https:\/\/www.urban-kebab.fr\/wp-content\/uploads\/2026\/04\/Urban_KEBAB_Carre_09-300x300.jpg\" class=\"attachment-medium size-medium wp-post-image\" alt=\"\" srcset=\"https:\/\/www.urban-kebab.fr\/wp-content\/uploads\/2026\/04\/Urban_KEBAB_Carre_09-300x300.jpg 300w, https:\/\/www.urban-kebab.fr\/wp-content\/uploads\/2026\/04\/Urban_KEBAB_Carre_09-1024x1024.jpg 1024w, https:\/\/www.urban-kebab.fr\/wp-content\/uploads\/2026\/04\/Urban_KEBAB_Carre_09-150x150.jpg 150w\" sizes=\"auto, (max-width: 300px) 100vw, 300px\" \/><\/div><div class=\"w-vwrapper usg_vwrapper_1 align_center valign_middle\"><h2 class=\"w-post-elm post_title usg_post_title_1 has_text_color entry-title color_link_inherit\">V 09<\/h2><\/div>\t\t<\/div>\r\n\t\t\t<\/article>\r\n<\/div><div class=\"l-popup\">\r\n\t<div class=\"l-popup-overlay\"><\/div>\r\n\t<div class=\"l-popup-wrap\">\r\n\t\t<button class=\"l-popup-closer\" type=\"button\" aria-label=\"Fermer\"><\/button>\r\n\t\t\t\t\t<button class=\"l-popup-arrow to_prev hidden\" type=\"button\" title=\"Pr\u00e9c\u00e9dent\"><\/button>\r\n\t\t\t<button class=\"l-popup-arrow to_next hidden\" type=\"button\" title=\"Suivant\"><\/button>\r\n\t\t\t\t<div class=\"l-popup-box\">\r\n\t\t\t<div class=\"l-popup-box-content\">\r\n\t\t\t\t<div class=\"g-preloader type_1\">\r\n\t\t\t\t\t<div><\/div>\r\n\t\t\t\t<\/div>\r\n\t\t\t\t<iframe class=\"l-popup-box-content-frame\" allowfullscreen><\/iframe>\r\n\t\t\t<\/div>\r\n\t\t<\/div>\r\n\t<\/div>\r\n<\/div>\r\n<div class=\"g-loadmore hidden\"><div class=\"g-preloader type_1\"><div><\/div><\/div><\/div><div class=\"w-grid-list-json hidden\" onclick='return {&quot;max_num_pages&quot;:0,&quot;paginationBase&quot;:&quot;page&quot;,&quot;pagination&quot;:&quot;none&quot;,&quot;paged&quot;:1,&quot;ajaxData&quot;:{&quot;action&quot;:&quot;us_ajax_post_list&quot;,&quot;meta_type&quot;:&quot;post&quot;,&quot;object_id&quot;:0,&quot;template_vars&quot;:{&quot;shortcode_base&quot;:&quot;us_post_list&quot;,&quot;paged&quot;:1,&quot;max_num_pages&quot;:0,&quot;no_results&quot;:false,&quot;us_post_content_design_css&quot;:[],&quot;found_posts&quot;:0,&quot;per_page&quot;:999,&quot;items_count&quot;:9,&quot;orderby_random_seed&quot;:null,&quot;source&quot;:&quot;all&quot;,&quot;ids&quot;:&quot;&quot;,&quot;post_type&quot;:&quot;us_portfolio&quot;,&quot;attachment_ids&quot;:null,&quot;include_post_thumbnail&quot;:0,&quot;post_author&quot;:&quot;any&quot;,&quot;post_author_ids&quot;:&quot;&quot;,&quot;apply_url_params&quot;:0,&quot;ignore_sticky_posts&quot;:1,&quot;exclude_children&quot;:0,&quot;exclude_current_post&quot;:1,&quot;exclude_prev_posts&quot;:0,&quot;exclude_past_events&quot;:0,&quot;enable_items_offset&quot;:0,&quot;items_offset&quot;:&quot;1&quot;,&quot;tax_query_relation&quot;:&quot;none&quot;,&quot;tax_query&quot;:[{&quot;operator&quot;:&quot;IN&quot;,&quot;taxonomy&quot;:&quot;category&quot;,&quot;terms&quot;:&quot;&quot;,&quot;include_children&quot;:0}],&quot;meta_query_relation&quot;:&quot;none&quot;,&quot;meta_query&quot;:[{&quot;key&quot;:&quot;custom_field_name&quot;,&quot;compare&quot;:&quot;=&quot;,&quot;value&quot;:&quot;&quot;}],&quot;orderby&quot;:&quot;date&quot;,&quot;orderby_custom_field&quot;:&quot;&quot;,&quot;orderby_custom_type&quot;:0,&quot;order_invert&quot;:&quot;1&quot;,&quot;show_all&quot;:&quot;1&quot;,&quot;quantity&quot;:&quot;12&quot;,&quot;posts_per_archive_page&quot;:0,&quot;no_items_action&quot;:&quot;message&quot;,&quot;no_items_message&quot;:&quot;Aucun r\\u00e9sultat.&quot;,&quot;no_items_page_block&quot;:&quot;&quot;,&quot;pagination&quot;:&quot;none&quot;,&quot;pagination_style&quot;:&quot;&quot;,&quot;pagination_btn_text&quot;:&quot;Charger plus&quot;,&quot;pagination_btn_size&quot;:&quot;&quot;,&quot;pagination_btn_style&quot;:&quot;1&quot;,&quot;pagination_btn_fullwidth&quot;:0,&quot;items_layout&quot;:&quot;1061&quot;,&quot;type&quot;:&quot;grid&quot;,&quot;items_valign&quot;:0,&quot;ignore_items_size&quot;:0,&quot;columns&quot;:&quot;3&quot;,&quot;items_gap&quot;:&quot;1rem&quot;,&quot;load_animation&quot;:&quot;none&quot;,&quot;items_preload_style&quot;:&quot;spinner&quot;,&quot;img_size&quot;:&quot;default&quot;,&quot;title_size&quot;:&quot;&quot;,&quot;items_ratio&quot;:&quot;default&quot;,&quot;items_ratio_width&quot;:&quot;21&quot;,&quot;items_ratio_height&quot;:&quot;9&quot;,&quot;overriding_link&quot;:&quot;%7B%22type%22%3A%22popup_post%22%7D&quot;,&quot;popup_page_template&quot;:&quot;0&quot;,&quot;popup_width&quot;:&quot;&quot;,&quot;popup_arrows&quot;:1,&quot;breakpoint_1_width&quot;:&quot;1381px&quot;,&quot;breakpoint_1_cols&quot;:&quot;default&quot;,&quot;breakpoint_1_quantity&quot;:&quot;&quot;,&quot;breakpoint_1_gap&quot;:&quot;&quot;,&quot;breakpoint_2_width&quot;:&quot;1025px&quot;,&quot;breakpoint_2_cols&quot;:&quot;2&quot;,&quot;breakpoint_2_quantity&quot;:&quot;&quot;,&quot;breakpoint_2_gap&quot;:&quot;&quot;,&quot;breakpoint_3_width&quot;:&quot;601px&quot;,&quot;breakpoint_3_cols&quot;:&quot;1&quot;,&quot;breakpoint_3_quantity&quot;:&quot;&quot;,&quot;breakpoint_3_gap&quot;:&quot;&quot;,&quot;conditions_operator&quot;:&quot;always&quot;,&quot;conditions&quot;:[],&quot;css&quot;:null,&quot;el_class&quot;:&quot;&quot;,&quot;el_id&quot;:&quot;&quot;,&quot;enable_custom_html_atts&quot;:0,&quot;custom_html_atts&quot;:null,&quot;hide_on_states&quot;:&quot;&quot;,&quot;hide_for_sticky&quot;:0,&quot;hide_for_not_sticky&quot;:0,&quot;hide_below&quot;:&quot;0px&quot;,&quot;hide_above&quot;:&quot;0px&quot;,&quot;classes&quot;:&quot;&quot;},&quot;found_posts&quot;:0,&quot;per_page&quot;:999},&quot;facetedFilter&quot;:[]}'><\/div><\/div><\/div><\/div><\/div><\/div><\/section>\n","protected":false},"excerpt":{"rendered":"","protected":false},"author":1,"featured_media":0,"parent":0,"menu_order":0,"comment_status":"closed","ping_status":"closed","template":"","meta":{"footnotes":""},"class_list":["post-1380","page","type-page","status-publish","hentry"],"_links":{"self":[{"href":"https:\/\/www.urban-kebab.fr\/index.php\/wp-json\/wp\/v2\/pages\/1380","targetHints":{"allow":["GET"]}}],"collection":[{"href":"https:\/\/www.urban-kebab.fr\/index.php\/wp-json\/wp\/v2\/pages"}],"about":[{"href":"https:\/\/www.urban-kebab.fr\/index.php\/wp-json\/wp\/v2\/types\/page"}],"author":[{"embeddable":true,"href":"https:\/\/www.urban-kebab.fr\/index.php\/wp-json\/wp\/v2\/users\/1"}],"replies":[{"embeddable":true,"href":"https:\/\/www.urban-kebab.fr\/index.php\/wp-json\/wp\/v2\/comments?post=1380"}],"version-history":[{"count":11,"href":"https:\/\/www.urban-kebab.fr\/index.php\/wp-json\/wp\/v2\/pages\/1380\/revisions"}],"predecessor-version":[{"id":1442,"href":"https:\/\/www.urban-kebab.fr\/index.php\/wp-json\/wp\/v2\/pages\/1380\/revisions\/1442"}],"wp:attachment":[{"href":"https:\/\/www.urban-kebab.fr\/index.php\/wp-json\/wp\/v2\/media?parent=1380"}],"curies":[{"name":"wp","href":"https:\/\/api.w.org\/{rel}","templated":true}]}}